{"id":64,"date":"2025-11-29T19:48:57","date_gmt":"2025-11-29T19:48:57","guid":{"rendered":"http:\/\/www.semeurslodevoislarzac.fr\/?page_id=64"},"modified":"2025-12-03T10:45:19","modified_gmt":"2025-12-03T10:45:19","slug":"qui-sommes-nous","status":"publish","type":"page","link":"http:\/\/www.semeurslodevoislarzac.fr\/?page_id=64","title":{"rendered":"Qui sommes-nous\u00a0?"},"content":{"rendered":"\n<p>Le Collectif des Semeurs du Lod\u00e9vois-Larzac est n\u00e9 en 2009. Ce collectif s&rsquo;est constitu\u00e9 en association en 2012 dont le si\u00e8ge social est \u00e0 Soub\u00e8s. L&rsquo;objectif est la sauvegarde et le d\u00e9veloppement de semences paysannes, c&rsquo;est-\u00e0-dire reproductibles dans les champs et libres de droits de propri\u00e9t\u00e9 intellectuelle. Le collectif compte actuellement une quinzaine d\u2019adh\u00e9rents actifs.<\/p>\n\n\n\n<p>L&rsquo;association est ouverte \u00e0 toute personne d\u00e9sireuse de participer \u00e0 la restauration d&rsquo;une biodiversit\u00e9 cultiv\u00e9e vivante, qu\u2019elle soit professionnelle de l&rsquo;agriculture ou non. Cela inclut non seulement la transmission de savoir-faire autour de la production des semences, mais \u00e9galement la transmission des coutumes qui sont associ\u00e9es aux vari\u00e9t\u00e9s locales menac\u00e9es de disparition\u2026<\/p>\n\n\n\n<p>L\u2019association pr\u00e9serve de nombreuses vari\u00e9t\u00e9s potag\u00e8res locales qu\u2019elle s\u2019emploient \u00e0 diffuser comme la <a href=\"http:\/\/www.spicilege.org\/index.php?option=com_adsmanager&amp;page=show_ad&amp;adid=298&amp;catid=65&amp;Itemid=0\" target=\"_blank\" rel=\"noreferrer noopener\">laitue Mouchet\u00e9e de Salasc<\/a> et <a href=\"http:\/\/www.spicilege.org\/index.php?option=com_adsmanager&amp;page=show_ad&amp;adid=298&amp;catid=65&amp;Itemid=0\" target=\"_blank\" rel=\"noreferrer noopener\">l\u2019<\/a><a href=\"http:\/\/www.spicilege.org\/index.php?option=com_adsmanager&amp;page=show_ad&amp;adid=300&amp;catid=23&amp;Itemid=0\" target=\"_blank\" rel=\"noreferrer noopener\">oignon de Tarassac<\/a>.<\/p>\n\n\n\n<p>Chaque ann\u00e9e, des bourses d&rsquo;\u00e9change de graines et de plants (2 ou 3) sont l&rsquo;occasion de&nbsp; partager plusieurs informations \u00e0 travers expositions, films, conf\u00e9rences, ateliers et d\u00e9bats.<\/p>\n\n\n\n<p>L&rsquo;association est aussi pr\u00e9sente \u00e0 des manifestations locales ayant pour th\u00e8me la biodiversit\u00e9, l&rsquo;agriculture biologique, l&rsquo;alimentation, les jardins partag\u00e9s, l&rsquo;artisanat\u2026<\/p>\n\n\n\n<p>Elle intervient en milieu scolaire avec des ateliers et de la documentation, anime des stages de formation sur la production de semences potag\u00e8res.<\/p>\n\n\n\n<p>L\u2019association a d\u00e9velopp\u00e9 des collaborations avec les chercheurs des institutions nationales de recherche agronomique travaillant sur le th\u00e8me des semences paysannes.<\/p>\n\n\n\n<p>Le Collectif est membre du <a href=\"https:\/\/www.semencespaysannes.org\/\">R\u00e9seau Semences Paysannes<\/a><\/p>\n\n\n\n<p><strong>Document:&nbsp;<\/strong><a href=\"http:\/\/www.lutopik.com\/article\/traces-oignon-tarassac-semences-paysannes-002\" target=\"_blank\" rel=\"noreferrer noopener\">http:\/\/www.lutopik.com\/article\/traces-oignon-tarassac-semences-paysannes-002<\/a><br><strong>Document:&nbsp;<\/strong><a href=\"https:\/\/www.semencespaysannes.org\/hikashop-menu-for-module-128\/produits\/de-l-oignon-de-tarassac-semence-paysanne.html\">https:\/\/www.semencespaysannes.org\/hikashop-menu-for-module-128\/produits\/de-l-oignon-de-tarassac-semence-paysanne.html<\/a><\/p>\n\n\n\n<figure class=\"wp-block-gallery has-nested-images columns-default is-cropped wp-block-gallery-1 is-layout-flex wp-block-gallery-is-layout-flex\">\n<figure class=\"wp-block-image size-large\"><img loading=\"lazy\" decoding=\"async\" width=\"1024\" height=\"766\" data-id=\"130\" src=\"http:\/\/www.semeurslodevoislarzac.fr\/wp-content\/uploads\/2025\/11\/bourse-dechange-de-semence-12-mai-2013-006-1024x766.jpg\" alt=\"\" class=\"wp-image-130\" srcset=\"http:\/\/www.semeurslodevoislarzac.fr\/wp-content\/uploads\/2025\/11\/bourse-dechange-de-semence-12-mai-2013-006-1024x766.jpg 1024w, http:\/\/www.semeurslodevoislarzac.fr\/wp-content\/uploads\/2025\/11\/bourse-dechange-de-semence-12-mai-2013-006-300x224.jpg 300w, http:\/\/www.semeurslodevoislarzac.fr\/wp-content\/uploads\/2025\/11\/bourse-dechange-de-semence-12-mai-2013-006-768x575.jpg 768w, http:\/\/www.semeurslodevoislarzac.fr\/wp-content\/uploads\/2025\/11\/bourse-dechange-de-semence-12-mai-2013-006-1536x1149.jpg 1536w, http:\/\/www.semeurslodevoislarzac.fr\/wp-content\/uploads\/2025\/11\/bourse-dechange-de-semence-12-mai-2013-006-2048x1532.jpg 2048w, http:\/\/www.semeurslodevoislarzac.fr\/wp-content\/uploads\/2025\/11\/bourse-dechange-de-semence-12-mai-2013-006-640x480.jpg 640w\" sizes=\"auto, (max-width: 1024px) 100vw, 1024px\" \/><\/figure>\n\n\n\n<figure class=\"wp-block-image size-large\"><img loading=\"lazy\" decoding=\"async\" width=\"1024\" height=\"768\" data-id=\"132\" src=\"http:\/\/www.semeurslodevoislarzac.fr\/wp-content\/uploads\/2025\/11\/DSC03975-1024x768.jpg\" alt=\"\" class=\"wp-image-132\" srcset=\"http:\/\/www.semeurslodevoislarzac.fr\/wp-content\/uploads\/2025\/11\/DSC03975-1024x768.jpg 1024w, http:\/\/www.semeurslodevoislarzac.fr\/wp-content\/uploads\/2025\/11\/DSC03975-300x225.jpg 300w, http:\/\/www.semeurslodevoislarzac.fr\/wp-content\/uploads\/2025\/11\/DSC03975-768x576.jpg 768w, http:\/\/www.semeurslodevoislarzac.fr\/wp-content\/uploads\/2025\/11\/DSC03975-1536x1152.jpg 1536w, http:\/\/www.semeurslodevoislarzac.fr\/wp-content\/uploads\/2025\/11\/DSC03975-2048x1536.jpg 2048w, http:\/\/www.semeurslodevoislarzac.fr\/wp-content\/uploads\/2025\/11\/DSC03975-640x480.jpg 640w\" sizes=\"auto, (max-width: 1024px) 100vw, 1024px\" \/><\/figure>\n\n\n\n<figure class=\"wp-block-image size-large\"><img loading=\"lazy\" decoding=\"async\" width=\"974\" height=\"1024\" data-id=\"131\" src=\"http:\/\/www.semeurslodevoislarzac.fr\/wp-content\/uploads\/2025\/11\/DSC05688-974x1024.jpg\" alt=\"\" class=\"wp-image-131\" srcset=\"http:\/\/www.semeurslodevoislarzac.fr\/wp-content\/uploads\/2025\/11\/DSC05688-974x1024.jpg 974w, http:\/\/www.semeurslodevoislarzac.fr\/wp-content\/uploads\/2025\/11\/DSC05688-285x300.jpg 285w, http:\/\/www.semeurslodevoislarzac.fr\/wp-content\/uploads\/2025\/11\/DSC05688-768x808.jpg 768w, http:\/\/www.semeurslodevoislarzac.fr\/wp-content\/uploads\/2025\/11\/DSC05688-1461x1536.jpg 1461w, http:\/\/www.semeurslodevoislarzac.fr\/wp-content\/uploads\/2025\/11\/DSC05688-1948x2048.jpg 1948w\" sizes=\"auto, (max-width: 974px) 100vw, 974px\" \/><\/figure>\n<\/figure>\n","protected":false},"excerpt":{"rendered":"<p>Le Collectif des Semeurs du Lod\u00e9vois-Larzac est n\u00e9 en 2009. Ce collectif s&rsquo;est constitu\u00e9 en association en 2012 dont le si\u00e8ge social est \u00e0 Soub\u00e8s. L&rsquo;objectif est la sauvegarde et le d\u00e9veloppement de semences paysannes, c&rsquo;est-\u00e0-dire reproductibles dans les champs et libres de droits de propri\u00e9t\u00e9 intellectuelle. Le collectif compte actuellement une quinzaine d\u2019adh\u00e9rents actifs. [&hellip;]<\/p>\n","protected":false},"author":1,"featured_media":0,"parent":0,"menu_order":0,"comment_status":"closed","ping_status":"closed","template":"","meta":{"footnotes":""},"class_list":["post-64","page","type-page","status-publish","hentry"],"_links":{"self":[{"href":"http:\/\/www.semeurslodevoislarzac.fr\/index.php?rest_route=\/wp\/v2\/pages\/64","targetHints":{"allow":["GET"]}}],"collection":[{"href":"http:\/\/www.semeurslodevoislarzac.fr\/index.php?rest_route=\/wp\/v2\/pages"}],"about":[{"href":"http:\/\/www.semeurslodevoislarzac.fr\/index.php?rest_route=\/wp\/v2\/types\/page"}],"author":[{"embeddable":true,"href":"http:\/\/www.semeurslodevoislarzac.fr\/index.php?rest_route=\/wp\/v2\/users\/1"}],"replies":[{"embeddable":true,"href":"http:\/\/www.semeurslodevoislarzac.fr\/index.php?rest_route=%2Fwp%2Fv2%2Fcomments&post=64"}],"version-history":[{"count":5,"href":"http:\/\/www.semeurslodevoislarzac.fr\/index.php?rest_route=\/wp\/v2\/pages\/64\/revisions"}],"predecessor-version":[{"id":150,"href":"http:\/\/www.semeurslodevoislarzac.fr\/index.php?rest_route=\/wp\/v2\/pages\/64\/revisions\/150"}],"wp:attachment":[{"href":"http:\/\/www.semeurslodevoislarzac.fr\/index.php?rest_route=%2Fwp%2Fv2%2Fmedia&parent=64"}],"curies":[{"name":"wp","href":"https:\/\/api.w.org\/{rel}","templated":true}]}}