{"id":66,"date":"2025-11-29T19:49:37","date_gmt":"2025-11-29T19:49:37","guid":{"rendered":"http:\/\/www.semeurslodevoislarzac.fr\/?page_id=66"},"modified":"2025-11-30T15:42:46","modified_gmt":"2025-11-30T15:42:46","slug":"pourquoi-des-semences-paysannes","status":"publish","type":"page","link":"http:\/\/www.semeurslodevoislarzac.fr\/?page_id=66","title":{"rendered":"Pourquoi des semences paysannes ?"},"content":{"rendered":"\n<p><strong>L&rsquo;industrialisation de l&rsquo;agriculture<\/strong> n\u00e9cessite des semences adapt\u00e9es \u00e0 une production de plantes <em>homog\u00e8nes<\/em> dans leur couleur, leur calibre, leur structure et <em>stables<\/em> dans le temps. Elle tente de l\u2019imposer par l\u2019inscription au <em>Catalogue<\/em> avec ses crit\u00e8res (DHS&nbsp;: Distincte-Homog\u00e8ne-Stable). Cela r\u00e9duit la diversit\u00e9 g\u00e9n\u00e9tique intra-vari\u00e9tale et donc leur capacit\u00e9 d\u2019adaptation aux diff\u00e9rents terroirs, d\u2019o\u00f9 l\u2019utilisation d&rsquo;engrais, de d\u00e9sherbants, de pesticides\u2026<\/p>\n\n\n\n<p><strong>Les vari\u00e9t\u00e9s s\u00e9lectionn\u00e9es pour l&rsquo;agriculture conventionnelle,<\/strong> lign\u00e9es pures et <em>hybrides F1<\/em>, ne correspondent souvent pas aux demandes et aux besoins de l&rsquo;agriculture biologique : saveur, diversit\u00e9, tol\u00e9rance aux al\u00e9as climatiques, rusticit\u00e9&nbsp;!<\/p>\n\n\n\n<p><a><\/a><strong>Les semences paysannes sont produites chez le paysan ou le jardinier<\/strong> dans les m\u00eames conditions de culture que celles de la plante qui sera consomm\u00e9e. Ces vari\u00e9t\u00e9s \u00e9tant des <em>populations<\/em> ont des capacit\u00e9s d&rsquo;\u00e9volution qui facilitent l&rsquo;adaptation du v\u00e9g\u00e9tal au terroir, au climat et au mode cultural. Leur richesse g\u00e9n\u00e9tique permet une s\u00e9lection progressive en fonction de l&rsquo;\u00e9volution des diff\u00e9rents besoins et attentes.<\/p>\n\n\n\n<p><strong>Les semences paysannes sont le germe de plantes vivantes<\/strong>, c\u2019est-\u00e0-dire en mouvement, en constante adaptation \u00e0 leur terroir.<\/p>\n\n\n\n<p><strong>Nous n&rsquo;utilisons pas ces semences, nous vivons avec elles!<\/strong><\/p>\n\n\n\n<figure class=\"wp-block-gallery has-nested-images columns-default is-cropped wp-block-gallery-1 is-layout-flex wp-block-gallery-is-layout-flex\">\n<figure class=\"wp-block-image size-large\"><img loading=\"lazy\" decoding=\"async\" width=\"1024\" height=\"699\" data-id=\"125\" src=\"http:\/\/www.semeurslodevoislarzac.fr\/wp-content\/uploads\/2025\/11\/10-semence-paysane-018-1-1024x699.jpg\" alt=\"\" class=\"wp-image-125\" srcset=\"http:\/\/www.semeurslodevoislarzac.fr\/wp-content\/uploads\/2025\/11\/10-semence-paysane-018-1-1024x699.jpg 1024w, http:\/\/www.semeurslodevoislarzac.fr\/wp-content\/uploads\/2025\/11\/10-semence-paysane-018-1-300x205.jpg 300w, http:\/\/www.semeurslodevoislarzac.fr\/wp-content\/uploads\/2025\/11\/10-semence-paysane-018-1-768x524.jpg 768w, http:\/\/www.semeurslodevoislarzac.fr\/wp-content\/uploads\/2025\/11\/10-semence-paysane-018-1-1536x1048.jpg 1536w, http:\/\/www.semeurslodevoislarzac.fr\/wp-content\/uploads\/2025\/11\/10-semence-paysane-018-1-2048x1397.jpg 2048w\" sizes=\"auto, (max-width: 1024px) 100vw, 1024px\" \/><\/figure>\n\n\n\n<figure class=\"wp-block-image size-large\"><img loading=\"lazy\" decoding=\"async\" width=\"1024\" height=\"576\" data-id=\"127\" src=\"http:\/\/www.semeurslodevoislarzac.fr\/wp-content\/uploads\/2025\/11\/Aubergines-courgettes-Kalima-1024x576.jpg\" alt=\"\" class=\"wp-image-127\" srcset=\"http:\/\/www.semeurslodevoislarzac.fr\/wp-content\/uploads\/2025\/11\/Aubergines-courgettes-Kalima-1024x576.jpg 1024w, http:\/\/www.semeurslodevoislarzac.fr\/wp-content\/uploads\/2025\/11\/Aubergines-courgettes-Kalima-300x169.jpg 300w, http:\/\/www.semeurslodevoislarzac.fr\/wp-content\/uploads\/2025\/11\/Aubergines-courgettes-Kalima-768x432.jpg 768w, http:\/\/www.semeurslodevoislarzac.fr\/wp-content\/uploads\/2025\/11\/Aubergines-courgettes-Kalima-1536x864.jpg 1536w, http:\/\/www.semeurslodevoislarzac.fr\/wp-content\/uploads\/2025\/11\/Aubergines-courgettes-Kalima-2048x1152.jpg 2048w\" sizes=\"auto, (max-width: 1024px) 100vw, 1024px\" \/><\/figure>\n\n\n\n<figure class=\"wp-block-image size-large\"><img loading=\"lazy\" decoding=\"async\" width=\"773\" height=\"1024\" data-id=\"126\" src=\"http:\/\/www.semeurslodevoislarzac.fr\/wp-content\/uploads\/2025\/11\/Chou-frise-2-K-1-773x1024.jpg\" alt=\"\" class=\"wp-image-126\" srcset=\"http:\/\/www.semeurslodevoislarzac.fr\/wp-content\/uploads\/2025\/11\/Chou-frise-2-K-1-773x1024.jpg 773w, http:\/\/www.semeurslodevoislarzac.fr\/wp-content\/uploads\/2025\/11\/Chou-frise-2-K-1-226x300.jpg 226w, http:\/\/www.semeurslodevoislarzac.fr\/wp-content\/uploads\/2025\/11\/Chou-frise-2-K-1-768x1017.jpg 768w, http:\/\/www.semeurslodevoislarzac.fr\/wp-content\/uploads\/2025\/11\/Chou-frise-2-K-1-1159x1536.jpg 1159w, http:\/\/www.semeurslodevoislarzac.fr\/wp-content\/uploads\/2025\/11\/Chou-frise-2-K-1-1546x2048.jpg 1546w, http:\/\/www.semeurslodevoislarzac.fr\/wp-content\/uploads\/2025\/11\/Chou-frise-2-K-1-scaled.jpg 1932w\" sizes=\"auto, (max-width: 773px) 100vw, 773px\" \/><\/figure>\n\n\n\n<figure class=\"wp-block-image size-large\"><img loading=\"lazy\" decoding=\"async\" width=\"974\" height=\"524\" data-id=\"124\" src=\"http:\/\/www.semeurslodevoislarzac.fr\/wp-content\/uploads\/2025\/11\/Citrouilles-K-1.jpg\" alt=\"\" class=\"wp-image-124\" srcset=\"http:\/\/www.semeurslodevoislarzac.fr\/wp-content\/uploads\/2025\/11\/Citrouilles-K-1.jpg 974w, http:\/\/www.semeurslodevoislarzac.fr\/wp-content\/uploads\/2025\/11\/Citrouilles-K-1-300x161.jpg 300w, http:\/\/www.semeurslodevoislarzac.fr\/wp-content\/uploads\/2025\/11\/Citrouilles-K-1-768x413.jpg 768w\" sizes=\"auto, (max-width: 974px) 100vw, 974px\" \/><\/figure>\n<\/figure>\n","protected":false},"excerpt":{"rendered":"<p>L&rsquo;industrialisation de l&rsquo;agriculture n\u00e9cessite des semences adapt\u00e9es \u00e0 une production de plantes homog\u00e8nes dans leur couleur, leur calibre, leur structure et stables dans le temps. Elle tente de l\u2019imposer par l\u2019inscription au Catalogue avec ses crit\u00e8res (DHS&nbsp;: Distincte-Homog\u00e8ne-Stable). Cela r\u00e9duit la diversit\u00e9 g\u00e9n\u00e9tique intra-vari\u00e9tale et donc leur capacit\u00e9 d\u2019adaptation aux diff\u00e9rents terroirs, d\u2019o\u00f9 l\u2019utilisation d&rsquo;engrais, [&hellip;]<\/p>\n","protected":false},"author":1,"featured_media":0,"parent":0,"menu_order":0,"comment_status":"closed","ping_status":"closed","template":"","meta":{"footnotes":""},"class_list":["post-66","page","type-page","status-publish","hentry"],"_links":{"self":[{"href":"http:\/\/www.semeurslodevoislarzac.fr\/index.php?rest_route=\/wp\/v2\/pages\/66","targetHints":{"allow":["GET"]}}],"collection":[{"href":"http:\/\/www.semeurslodevoislarzac.fr\/index.php?rest_route=\/wp\/v2\/pages"}],"about":[{"href":"http:\/\/www.semeurslodevoislarzac.fr\/index.php?rest_route=\/wp\/v2\/types\/page"}],"author":[{"embeddable":true,"href":"http:\/\/www.semeurslodevoislarzac.fr\/index.php?rest_route=\/wp\/v2\/users\/1"}],"replies":[{"embeddable":true,"href":"http:\/\/www.semeurslodevoislarzac.fr\/index.php?rest_route=%2Fwp%2Fv2%2Fcomments&post=66"}],"version-history":[{"count":2,"href":"http:\/\/www.semeurslodevoislarzac.fr\/index.php?rest_route=\/wp\/v2\/pages\/66\/revisions"}],"predecessor-version":[{"id":128,"href":"http:\/\/www.semeurslodevoislarzac.fr\/index.php?rest_route=\/wp\/v2\/pages\/66\/revisions\/128"}],"wp:attachment":[{"href":"http:\/\/www.semeurslodevoislarzac.fr\/index.php?rest_route=%2Fwp%2Fv2%2Fmedia&parent=66"}],"curies":[{"name":"wp","href":"https:\/\/api.w.org\/{rel}","templated":true}]}}