{"id":68,"date":"2025-11-29T19:50:00","date_gmt":"2025-11-29T19:50:00","guid":{"rendered":"http:\/\/www.semeurslodevoislarzac.fr\/?page_id=68"},"modified":"2025-11-30T16:01:15","modified_gmt":"2025-11-30T16:01:15","slug":"la-maison-de-la-graine","status":"publish","type":"page","link":"http:\/\/www.semeurslodevoislarzac.fr\/?page_id=68","title":{"rendered":"La Maison de la graine"},"content":{"rendered":"\n<p><strong>R\u00e9seau de production et d\u2019\u00e9change de semences paysannes,<\/strong> elle r\u00e9unit des paysans et des jardiniers depuis novembre 2012, conscients de l&rsquo;utilit\u00e9 de produire leurs propres semences afin d&rsquo;avoir des vari\u00e9t\u00e9s adapt\u00e9es \u00e0 leur terroir, de pouvoir s\u00e9lectionner des plantes en fonction des modes de cultures, des usages et des go\u00fbts qui sont les leurs.<br><br><strong>La sauvegarde et la remise en culture de vari\u00e9t\u00e9s locales<\/strong> menac\u00e9es de disparition participent \u00e0 la pratique d&rsquo;une agriculture utilisant peu de produits de traitements m\u00eame bio par leur bonne adaptation au milieu local (par exemple&nbsp;: Mouchet\u00e9e de Salasc, Oignon de Tarassac).<br><br><strong>L&rsquo;un des objectifs de la Maison de la Graine<\/strong> est la production de quelques vari\u00e9t\u00e9s de potag\u00e8res compl\u00e9mentaires qui puissent \u00eatre \u00e9chang\u00e9es afin que chacun gagne en autonomie par rapport aux semenciers conventionnels.<\/p>\n\n\n\n<figure class=\"wp-block-gallery has-nested-images columns-default is-cropped wp-block-gallery-1 is-layout-flex wp-block-gallery-is-layout-flex\">\n<figure class=\"wp-block-image size-large\"><img loading=\"lazy\" decoding=\"async\" width=\"1024\" height=\"1024\" data-id=\"140\" src=\"http:\/\/www.semeurslodevoislarzac.fr\/wp-content\/uploads\/2025\/11\/1-1024x1024.png\" alt=\"\" class=\"wp-image-140\" srcset=\"http:\/\/www.semeurslodevoislarzac.fr\/wp-content\/uploads\/2025\/11\/1-1024x1024.png 1024w, http:\/\/www.semeurslodevoislarzac.fr\/wp-content\/uploads\/2025\/11\/1-300x300.png 300w, http:\/\/www.semeurslodevoislarzac.fr\/wp-content\/uploads\/2025\/11\/1-150x150.png 150w, http:\/\/www.semeurslodevoislarzac.fr\/wp-content\/uploads\/2025\/11\/1-768x768.png 768w, http:\/\/www.semeurslodevoislarzac.fr\/wp-content\/uploads\/2025\/11\/1-1536x1536.png 1536w, http:\/\/www.semeurslodevoislarzac.fr\/wp-content\/uploads\/2025\/11\/1.png 2000w\" sizes=\"auto, (max-width: 1024px) 100vw, 1024px\" \/><\/figure>\n\n\n\n<figure class=\"wp-block-image size-large\"><img loading=\"lazy\" decoding=\"async\" width=\"1024\" height=\"1024\" data-id=\"139\" src=\"http:\/\/www.semeurslodevoislarzac.fr\/wp-content\/uploads\/2025\/11\/2-1024x1024.png\" alt=\"\" class=\"wp-image-139\" srcset=\"http:\/\/www.semeurslodevoislarzac.fr\/wp-content\/uploads\/2025\/11\/2-1024x1024.png 1024w, http:\/\/www.semeurslodevoislarzac.fr\/wp-content\/uploads\/2025\/11\/2-300x300.png 300w, http:\/\/www.semeurslodevoislarzac.fr\/wp-content\/uploads\/2025\/11\/2-150x150.png 150w, http:\/\/www.semeurslodevoislarzac.fr\/wp-content\/uploads\/2025\/11\/2-768x768.png 768w, http:\/\/www.semeurslodevoislarzac.fr\/wp-content\/uploads\/2025\/11\/2-1536x1536.png 1536w, http:\/\/www.semeurslodevoislarzac.fr\/wp-content\/uploads\/2025\/11\/2.png 2000w\" sizes=\"auto, (max-width: 1024px) 100vw, 1024px\" \/><\/figure>\n<\/figure>\n","protected":false},"excerpt":{"rendered":"<p>R\u00e9seau de production et d\u2019\u00e9change de semences paysannes, elle r\u00e9unit des paysans et des jardiniers depuis novembre 2012, conscients de l&rsquo;utilit\u00e9 de produire leurs propres semences afin d&rsquo;avoir des vari\u00e9t\u00e9s adapt\u00e9es \u00e0 leur terroir, de pouvoir s\u00e9lectionner des plantes en fonction des modes de cultures, des usages et des go\u00fbts qui sont les leurs. La [&hellip;]<\/p>\n","protected":false},"author":1,"featured_media":0,"parent":0,"menu_order":0,"comment_status":"closed","ping_status":"closed","template":"","meta":{"footnotes":""},"class_list":["post-68","page","type-page","status-publish","hentry"],"_links":{"self":[{"href":"http:\/\/www.semeurslodevoislarzac.fr\/index.php?rest_route=\/wp\/v2\/pages\/68","targetHints":{"allow":["GET"]}}],"collection":[{"href":"http:\/\/www.semeurslodevoislarzac.fr\/index.php?rest_route=\/wp\/v2\/pages"}],"about":[{"href":"http:\/\/www.semeurslodevoislarzac.fr\/index.php?rest_route=\/wp\/v2\/types\/page"}],"author":[{"embeddable":true,"href":"http:\/\/www.semeurslodevoislarzac.fr\/index.php?rest_route=\/wp\/v2\/users\/1"}],"replies":[{"embeddable":true,"href":"http:\/\/www.semeurslodevoislarzac.fr\/index.php?rest_route=%2Fwp%2Fv2%2Fcomments&post=68"}],"version-history":[{"count":2,"href":"http:\/\/www.semeurslodevoislarzac.fr\/index.php?rest_route=\/wp\/v2\/pages\/68\/revisions"}],"predecessor-version":[{"id":141,"href":"http:\/\/www.semeurslodevoislarzac.fr\/index.php?rest_route=\/wp\/v2\/pages\/68\/revisions\/141"}],"wp:attachment":[{"href":"http:\/\/www.semeurslodevoislarzac.fr\/index.php?rest_route=%2Fwp%2Fv2%2Fmedia&parent=68"}],"curies":[{"name":"wp","href":"https:\/\/api.w.org\/{rel}","templated":true}]}}